{"id":4763,"date":"2022-08-03T05:04:07","date_gmt":"2022-08-03T05:04:07","guid":{"rendered":"https:\/\/loromerogolf.com\/?page_id=4763"},"modified":"2022-12-27T12:48:00","modified_gmt":"2022-12-27T12:48:00","slug":"culture","status":"publish","type":"page","link":"https:\/\/loromerogolf.com\/en\/culture\/","title":{"rendered":"Culture"},"content":{"rendered":"\t\t<div data-elementor-type=\"wp-page\" data-elementor-id=\"4763\" class=\"elementor elementor-4763\" data-elementor-post-type=\"page\">\n\t\t\t\t\t\t<section class=\"elementor-section elementor-top-section elementor-element elementor-element-bd09454 elementor-section-full_width elementor-section-height-min-height elementor-section-stretched elementor-section-height-default elementor-section-items-middle\" data-id=\"bd09454\" data-element_type=\"section\" data-e-type=\"section\" data-settings=\"{&quot;stretch_section&quot;:&quot;section-stretched&quot;,&quot;background_background&quot;:&quot;classic&quot;}\">\n\t\t\t\t\t\t<div class=\"elementor-container elementor-column-gap-default\">\n\t\t\t\t\t<div class=\"elementor-column elementor-col-100 elementor-top-column elementor-element elementor-element-9804912\" data-id=\"9804912\" data-element_type=\"column\" data-e-type=\"column\">\n\t\t\t<div class=\"elementor-widget-wrap\">\n\t\t\t\t\t\t\t<\/div>\n\t\t<\/div>\n\t\t\t\t\t<\/div>\n\t\t<\/section>\n\t\t\t\t<section class=\"elementor-section elementor-top-section elementor-element elementor-element-37b3890 elementor-section-boxed elementor-section-height-default elementor-section-height-default\" data-id=\"37b3890\" data-element_type=\"section\" data-e-type=\"section\">\n\t\t\t\t\t\t<div class=\"elementor-container elementor-column-gap-default\">\n\t\t\t\t\t<div class=\"elementor-column elementor-col-100 elementor-top-column elementor-element elementor-element-df53314\" data-id=\"df53314\" data-element_type=\"column\" data-e-type=\"column\">\n\t\t\t<div class=\"elementor-widget-wrap elementor-element-populated\">\n\t\t\t\t\t\t<div class=\"elementor-element elementor-element-1e08186 elementor-widget elementor-widget-heading\" data-id=\"1e08186\" data-element_type=\"widget\" data-e-type=\"widget\" data-widget_type=\"heading.default\">\n\t\t\t\t<div class=\"elementor-widget-container\">\n\t\t\t\t\t<h2 class=\"elementor-heading-title elementor-size-default\">Culture<\/h2>\t\t\t\t<\/div>\n\t\t\t\t<\/div>\n\t\t\t\t\t<\/div>\n\t\t<\/div>\n\t\t\t\t\t<\/div>\n\t\t<\/section>\n\t\t\t\t<section class=\"elementor-section elementor-top-section elementor-element elementor-element-c8e7488 elementor-section-boxed elementor-section-height-default elementor-section-height-default\" data-id=\"c8e7488\" data-element_type=\"section\" data-e-type=\"section\">\n\t\t\t\t\t\t<div class=\"elementor-container elementor-column-gap-default\">\n\t\t\t\t\t<div class=\"elementor-column elementor-col-100 elementor-top-column elementor-element elementor-element-e28c874\" data-id=\"e28c874\" data-element_type=\"column\" data-e-type=\"column\">\n\t\t\t<div class=\"elementor-widget-wrap elementor-element-populated\">\n\t\t\t\t\t\t<div class=\"elementor-element elementor-element-260c0c4 elementor-widget elementor-widget-text-editor\" data-id=\"260c0c4\" data-element_type=\"widget\" data-e-type=\"widget\" data-widget_type=\"text-editor.default\">\n\t\t\t\t<div class=\"elementor-widget-container\">\n\t\t\t\t\t\t\t\t\t<div class=\"wpb_text_column \">\n<div class=\"wpb_wrapper\">\n<p><strong>Discover and enjoy by our land<\/strong><\/p>\n<p>A hospitable and restful land, the current municipality of Pilar de la Horadada (Alicante \u2013 Spain), was in Roman times a well-known route for travelers who traveled from the Mediterranean coast to Rome. Thiar, as the Romans called this town between Ilici (Elche) and Cartago Nova (Cartagena), also had a rich coastline where ships fished; as a strategic coastal enclave, it attracted the interest of pirates. Hence, the municipality will have several watchtowers that are still preserved. One of them: &#8216;Torre Horadada&#8217;; Named for the holes that connected the different levels of its construction and that allowed better communication between the different lookouts deployed in them.<\/p>\n<p>Today, Pilar de la Horadada maintains part of its history within the walls of its Gratiniano Baches Municipal Archaeological-Ethnological Museum. Visit it or wander around looking for the church of Nuestra Se\u00f1ora del Pilar and the church of Nuestra Se\u00f1ora de la Asunci\u00f3n or take a pleasant coastal walk until you reach the Torre Vig\u00eda, declared an Asset of Cultural Interest (BIC).<\/p>\n<p>Discover the culture and activities of Alicante and Murcia on a family vacation. Enjoy tourism.<\/p>\n<p>Location and access: www.visitpilardelahoradada.com\/es\/como_llegar<\/p>\n<p>Pilar de la Horadada is a municipality in the province of Alicante, in the Valencian Community, Spain.<\/p>\n<\/div>\n<\/div>\t\t\t\t\t\t\t\t<\/div>\n\t\t\t\t<\/div>\n\t\t\t\t\t<\/div>\n\t\t<\/div>\n\t\t\t\t\t<\/div>\n\t\t<\/section>\n\t\t\t\t<section class=\"elementor-section elementor-top-section elementor-element elementor-element-edff222 elementor-section-boxed elementor-section-height-default elementor-section-height-default\" data-id=\"edff222\" data-element_type=\"section\" data-e-type=\"section\">\n\t\t\t\t\t\t<div class=\"elementor-container elementor-column-gap-default\">\n\t\t\t\t\t<div class=\"elementor-column elementor-col-100 elementor-top-column elementor-element elementor-element-78f8ca1\" data-id=\"78f8ca1\" data-element_type=\"column\" data-e-type=\"column\">\n\t\t\t<div class=\"elementor-widget-wrap elementor-element-populated\">\n\t\t\t\t\t\t<section class=\"elementor-section elementor-inner-section elementor-element elementor-element-80317c7 elementor-section-boxed elementor-section-height-default elementor-section-height-default\" data-id=\"80317c7\" data-element_type=\"section\" data-e-type=\"section\">\n\t\t\t\t\t\t<div class=\"elementor-container elementor-column-gap-extended\">\n\t\t\t\t\t<div class=\"elementor-column elementor-col-100 elementor-inner-column elementor-element elementor-element-fcef744\" data-id=\"fcef744\" data-element_type=\"column\" data-e-type=\"column\">\n\t\t\t<div class=\"elementor-widget-wrap elementor-element-populated\">\n\t\t\t\t\t\t<div class=\"elementor-element elementor-element-4376aa7 elementor-widget__width-initial elementor-position-top elementor-widget elementor-widget-image-box\" data-id=\"4376aa7\" data-element_type=\"widget\" data-e-type=\"widget\" data-widget_type=\"image-box.default\">\n\t\t\t\t<div class=\"elementor-widget-container\">\n\t\t\t\t\t<div class=\"elementor-image-box-wrapper\"><figure class=\"elementor-image-box-img\"><img decoding=\"async\" width=\"102\" height=\"100\" src=\"https:\/\/loromerogolf.com\/wp-content\/uploads\/2022\/11\/areaa.png\" class=\"attachment-full size-full wp-image-4318\" alt=\"\" \/><\/figure><div class=\"elementor-image-box-content\"><p class=\"elementor-image-box-description\"> <b>Area:<\/b> 78,1 Km2<\/p><\/div><\/div>\t\t\t\t<\/div>\n\t\t\t\t<\/div>\n\t\t\t\t<div class=\"elementor-element elementor-element-682b31e elementor-widget__width-initial elementor-position-top elementor-widget elementor-widget-image-box\" data-id=\"682b31e\" data-element_type=\"widget\" data-e-type=\"widget\" data-widget_type=\"image-box.default\">\n\t\t\t\t<div class=\"elementor-widget-container\">\n\t\t\t\t\t<div class=\"elementor-image-box-wrapper\"><figure class=\"elementor-image-box-img\"><img decoding=\"async\" width=\"102\" height=\"100\" src=\"https:\/\/loromerogolf.com\/wp-content\/uploads\/2022\/11\/altura.png\" class=\"attachment-full size-full wp-image-4320\" alt=\"\" \/><\/figure><div class=\"elementor-image-box-content\"><p class=\"elementor-image-box-description\"> <b>Altitude:<\/b> 35 m<\/p><\/div><\/div>\t\t\t\t<\/div>\n\t\t\t\t<\/div>\n\t\t\t\t<div class=\"elementor-element elementor-element-dc057e9 elementor-widget__width-initial elementor-position-top elementor-widget elementor-widget-image-box\" data-id=\"dc057e9\" data-element_type=\"widget\" data-e-type=\"widget\" data-widget_type=\"image-box.default\">\n\t\t\t\t<div class=\"elementor-widget-container\">\n\t\t\t\t\t<div class=\"elementor-image-box-wrapper\"><figure class=\"elementor-image-box-img\"><img decoding=\"async\" width=\"102\" height=\"100\" src=\"https:\/\/loromerogolf.com\/wp-content\/uploads\/2022\/11\/temp.png\" class=\"attachment-full size-full wp-image-4322\" alt=\"\" \/><\/figure><div class=\"elementor-image-box-content\"><p class=\"elementor-image-box-description\"> <b>Weather:<\/b> 18\u00ba average<\/p><\/div><\/div>\t\t\t\t<\/div>\n\t\t\t\t<\/div>\n\t\t\t\t<div class=\"elementor-element elementor-element-674442d elementor-widget__width-initial elementor-position-top elementor-widget elementor-widget-image-box\" data-id=\"674442d\" data-element_type=\"widget\" data-e-type=\"widget\" data-widget_type=\"image-box.default\">\n\t\t\t\t<div class=\"elementor-widget-container\">\n\t\t\t\t\t<div class=\"elementor-image-box-wrapper\"><figure class=\"elementor-image-box-img\"><img loading=\"lazy\" decoding=\"async\" width=\"102\" height=\"100\" src=\"https:\/\/loromerogolf.com\/wp-content\/uploads\/2022\/11\/pobla.png\" class=\"attachment-full size-full wp-image-4324\" alt=\"\" \/><\/figure><div class=\"elementor-image-box-content\"><p class=\"elementor-image-box-description\"> <b>Population:<\/b> 21.629 (2015)<\/p><\/div><\/div>\t\t\t\t<\/div>\n\t\t\t\t<\/div>\n\t\t\t\t\t<\/div>\n\t\t<\/div>\n\t\t\t\t\t<\/div>\n\t\t<\/section>\n\t\t\t\t\t<\/div>\n\t\t<\/div>\n\t\t\t\t\t<\/div>\n\t\t<\/section>\n\t\t\t\t<\/div>\n\t\t","protected":false},"excerpt":{"rendered":"<p>Culture Discover and enjoy by our land A hospitable and restful land, the current municipality of Pilar de la Horadada (Alicante \u2013 Spain), was in Roman times a well-known route for travelers who traveled from the Mediterranean coast to Rome. Thiar, as the Romans called this town between Ilici (Elche) and Cartago Nova (Cartagena), also [&hellip;]<\/p>\n","protected":false},"author":1,"featured_media":0,"parent":0,"menu_order":0,"comment_status":"closed","ping_status":"closed","template":"","meta":{"ngg_post_thumbnail":0,"footnotes":""},"class_list":["post-4763","page","type-page","status-publish","hentry"],"_links":{"self":[{"href":"https:\/\/loromerogolf.com\/en\/wp-json\/wp\/v2\/pages\/4763","targetHints":{"allow":["GET"]}}],"collection":[{"href":"https:\/\/loromerogolf.com\/en\/wp-json\/wp\/v2\/pages"}],"about":[{"href":"https:\/\/loromerogolf.com\/en\/wp-json\/wp\/v2\/types\/page"}],"author":[{"embeddable":true,"href":"https:\/\/loromerogolf.com\/en\/wp-json\/wp\/v2\/users\/1"}],"replies":[{"embeddable":true,"href":"https:\/\/loromerogolf.com\/en\/wp-json\/wp\/v2\/comments?post=4763"}],"version-history":[{"count":10,"href":"https:\/\/loromerogolf.com\/en\/wp-json\/wp\/v2\/pages\/4763\/revisions"}],"predecessor-version":[{"id":7629,"href":"https:\/\/loromerogolf.com\/en\/wp-json\/wp\/v2\/pages\/4763\/revisions\/7629"}],"wp:attachment":[{"href":"https:\/\/loromerogolf.com\/en\/wp-json\/wp\/v2\/media?parent=4763"}],"curies":[{"name":"wp","href":"https:\/\/api.w.org\/{rel}","templated":true}]}}